{"id":79,"date":"2019-11-11T09:48:35","date_gmt":"2019-11-11T08:48:35","guid":{"rendered":"http:\/\/fratdejob.participationetfraternite.fr\/?page_id=79"},"modified":"2020-07-04T15:59:57","modified_gmt":"2020-07-04T13:59:57","slug":"les-evenements","status":"publish","type":"page","link":"https:\/\/fratdejob.participationetfraternite.fr\/?page_id=79","title":{"rendered":"Les Services"},"content":{"rendered":"\n<p>Tout au long de l&rsquo;ann\u00e9e, les membres de la Fraternit\u00e9 de la Beaut\u00e9 de Job vivent le service, service de l&rsquo;autre plus fragilis\u00e9, services de l&rsquo;Eglise, service de la Parole. En voici quelques t\u00e9moignages :<\/p>\n","protected":false},"excerpt":{"rendered":"<p>Tout au long de l&rsquo;ann\u00e9e, les membres de la Fraternit\u00e9 de la Beaut\u00e9 de Job vivent le service, service de l&rsquo;autre plus fragilis\u00e9, services de l&rsquo;Eglise, service de la Parole. En voici quelques t\u00e9moignages&#46;&#46;&#46;<\/p>\n","protected":false},"author":2,"featured_media":181,"parent":0,"menu_order":0,"comment_status":"closed","ping_status":"closed","template":"","meta":{"_monsterinsights_skip_tracking":false,"_monsterinsights_sitenote_active":false,"_monsterinsights_sitenote_note":"","_monsterinsights_sitenote_category":0,"footnotes":""},"class_list":["post-79","page","type-page","status-publish","has-post-thumbnail","hentry"],"_links":{"self":[{"href":"https:\/\/fratdejob.participationetfraternite.fr\/index.php?rest_route=\/wp\/v2\/pages\/79","targetHints":{"allow":["GET"]}}],"collection":[{"href":"https:\/\/fratdejob.participationetfraternite.fr\/index.php?rest_route=\/wp\/v2\/pages"}],"about":[{"href":"https:\/\/fratdejob.participationetfraternite.fr\/index.php?rest_route=\/wp\/v2\/types\/page"}],"author":[{"embeddable":true,"href":"https:\/\/fratdejob.participationetfraternite.fr\/index.php?rest_route=\/wp\/v2\/users\/2"}],"replies":[{"embeddable":true,"href":"https:\/\/fratdejob.participationetfraternite.fr\/index.php?rest_route=%2Fwp%2Fv2%2Fcomments&post=79"}],"version-history":[{"count":6,"href":"https:\/\/fratdejob.participationetfraternite.fr\/index.php?rest_route=\/wp\/v2\/pages\/79\/revisions"}],"predecessor-version":[{"id":2289,"href":"https:\/\/fratdejob.participationetfraternite.fr\/index.php?rest_route=\/wp\/v2\/pages\/79\/revisions\/2289"}],"wp:featuredmedia":[{"embeddable":true,"href":"https:\/\/fratdejob.participationetfraternite.fr\/index.php?rest_route=\/wp\/v2\/media\/181"}],"wp:attachment":[{"href":"https:\/\/fratdejob.participationetfraternite.fr\/index.php?rest_route=%2Fwp%2Fv2%2Fmedia&parent=79"}],"curies":[{"name":"wp","href":"https:\/\/api.w.org\/{rel}","templated":true}]}}