{"id":78,"date":"2019-11-11T09:48:35","date_gmt":"2019-11-11T08:48:35","guid":{"rendered":"http:\/\/fratdejob.participationetfraternite.fr\/?page_id=78"},"modified":"2020-04-10T20:39:24","modified_gmt":"2020-04-10T18:39:24","slug":"nos-projets","status":"publish","type":"page","link":"https:\/\/fratdejob.participationetfraternite.fr\/?page_id=78","title":{"rendered":"Nos Projets"},"content":{"rendered":"\n<p class=\"has-background has-light-green-cyan-background-color\">Chaque Ann\u00e9e, la Fraternit\u00e9 de la Beaut\u00e9 de Job porte un projet qu\u2019elle conduit toute l\u2019ann\u00e9e.\u00a0 En 2019, nous avons mis en place une r\u00e9sidence d\u2019artistes \u00e0 Lourdes, en partenariat avec la Cit\u00e9 St Pierre et le p\u00e8lerinage Mosa\u00efque\u2026 En 2020, nous \u00e9tions en route pour \u00c9pernay puis pour une r\u00e9sidence d\u2019artistes dans le Sanctuaire de Lourdes ! En 2021\u2026 qui sait, vous serez peut-\u00eatre avec nous ?<\/p>\n","protected":false},"excerpt":{"rendered":"<p>Chaque Ann\u00e9e, la Fraternit\u00e9 de la Beaut\u00e9 de Job porte un projet qu\u2019elle conduit toute l\u2019ann\u00e9e.\u00a0 En 2019, nous avons mis en place une r\u00e9sidence d\u2019artistes \u00e0 Lourdes, en partenariat avec la Cit\u00e9 St&#46;&#46;&#46;<\/p>\n","protected":false},"author":2,"featured_media":180,"parent":0,"menu_order":0,"comment_status":"closed","ping_status":"closed","template":"","meta":{"_monsterinsights_skip_tracking":false,"_monsterinsights_sitenote_active":false,"_monsterinsights_sitenote_note":"","_monsterinsights_sitenote_category":0,"footnotes":""},"class_list":["post-78","page","type-page","status-publish","has-post-thumbnail","hentry"],"_links":{"self":[{"href":"https:\/\/fratdejob.participationetfraternite.fr\/index.php?rest_route=\/wp\/v2\/pages\/78","targetHints":{"allow":["GET"]}}],"collection":[{"href":"https:\/\/fratdejob.participationetfraternite.fr\/index.php?rest_route=\/wp\/v2\/pages"}],"about":[{"href":"https:\/\/fratdejob.participationetfraternite.fr\/index.php?rest_route=\/wp\/v2\/types\/page"}],"author":[{"embeddable":true,"href":"https:\/\/fratdejob.participationetfraternite.fr\/index.php?rest_route=\/wp\/v2\/users\/2"}],"replies":[{"embeddable":true,"href":"https:\/\/fratdejob.participationetfraternite.fr\/index.php?rest_route=%2Fwp%2Fv2%2Fcomments&post=78"}],"version-history":[{"count":5,"href":"https:\/\/fratdejob.participationetfraternite.fr\/index.php?rest_route=\/wp\/v2\/pages\/78\/revisions"}],"predecessor-version":[{"id":762,"href":"https:\/\/fratdejob.participationetfraternite.fr\/index.php?rest_route=\/wp\/v2\/pages\/78\/revisions\/762"}],"wp:featuredmedia":[{"embeddable":true,"href":"https:\/\/fratdejob.participationetfraternite.fr\/index.php?rest_route=\/wp\/v2\/media\/180"}],"wp:attachment":[{"href":"https:\/\/fratdejob.participationetfraternite.fr\/index.php?rest_route=%2Fwp%2Fv2%2Fmedia&parent=78"}],"curies":[{"name":"wp","href":"https:\/\/api.w.org\/{rel}","templated":true}]}}