{"id":77,"date":"2019-11-11T09:48:35","date_gmt":"2019-11-11T08:48:35","guid":{"rendered":"http:\/\/fratdejob.participationetfraternite.fr\/?page_id=77"},"modified":"2020-05-16T16:45:18","modified_gmt":"2020-05-16T14:45:18","slug":"nos-prises-de-parole","status":"publish","type":"page","link":"https:\/\/fratdejob.participationetfraternite.fr\/?page_id=77","title":{"rendered":"Nos prises de parole"},"content":{"rendered":"\n<p>L&rsquo;une des vocations de la Fraternit\u00e9 de la Beaut\u00e9 de Job est de faciliter la prise de parole de chacun, surtout ceux qui ne l&rsquo;ont pas d&rsquo;habitude&#8230; vous trouvez, ci-dessous tous les articles et prises de paroles, tous les t\u00e9moignages \u00e9crits, dits, pens\u00e9s.<\/p>\n","protected":false},"excerpt":{"rendered":"<p>L&rsquo;une des vocations de la Fraternit\u00e9 de la Beaut\u00e9 de Job est de faciliter la prise de parole de chacun, surtout ceux qui ne l&rsquo;ont pas d&rsquo;habitude&#8230; vous trouvez, ci-dessous tous les articles et&#46;&#46;&#46;<\/p>\n","protected":false},"author":2,"featured_media":0,"parent":0,"menu_order":0,"comment_status":"closed","ping_status":"closed","template":"","meta":{"_monsterinsights_skip_tracking":false,"_monsterinsights_sitenote_active":false,"_monsterinsights_sitenote_note":"","_monsterinsights_sitenote_category":0,"footnotes":""},"class_list":["post-77","page","type-page","status-publish","hentry"],"_links":{"self":[{"href":"https:\/\/fratdejob.participationetfraternite.fr\/index.php?rest_route=\/wp\/v2\/pages\/77","targetHints":{"allow":["GET"]}}],"collection":[{"href":"https:\/\/fratdejob.participationetfraternite.fr\/index.php?rest_route=\/wp\/v2\/pages"}],"about":[{"href":"https:\/\/fratdejob.participationetfraternite.fr\/index.php?rest_route=\/wp\/v2\/types\/page"}],"author":[{"embeddable":true,"href":"https:\/\/fratdejob.participationetfraternite.fr\/index.php?rest_route=\/wp\/v2\/users\/2"}],"replies":[{"embeddable":true,"href":"https:\/\/fratdejob.participationetfraternite.fr\/index.php?rest_route=%2Fwp%2Fv2%2Fcomments&post=77"}],"version-history":[{"count":4,"href":"https:\/\/fratdejob.participationetfraternite.fr\/index.php?rest_route=\/wp\/v2\/pages\/77\/revisions"}],"predecessor-version":[{"id":1990,"href":"https:\/\/fratdejob.participationetfraternite.fr\/index.php?rest_route=\/wp\/v2\/pages\/77\/revisions\/1990"}],"wp:attachment":[{"href":"https:\/\/fratdejob.participationetfraternite.fr\/index.php?rest_route=%2Fwp%2Fv2%2Fmedia&parent=77"}],"curies":[{"name":"wp","href":"https:\/\/api.w.org\/{rel}","templated":true}]}}