{"id":29,"date":"2019-06-22T21:47:33","date_gmt":"2019-06-22T19:47:33","guid":{"rendered":"http:\/\/fratdejob.participationetfraternite.fr\/?page_id=29"},"modified":"2021-05-25T10:46:58","modified_gmt":"2021-05-25T08:46:58","slug":"a-propos-de","status":"publish","type":"page","link":"https:\/\/fratdejob.participationetfraternite.fr\/?page_id=29","title":{"rendered":"Qui sommes-nous ?"},"content":{"rendered":"\n<div class=\"wp-block-image\"><figure class=\"alignleft size-large is-resized\"><img loading=\"lazy\" decoding=\"async\" src=\"http:\/\/fratdejob.participationetfraternite.fr\/wp-content\/uploads\/2019\/12\/JOB-1-RVB-1024x575.jpg\" alt=\"\" class=\"wp-image-223\" width=\"361\" height=\"202\" srcset=\"https:\/\/fratdejob.participationetfraternite.fr\/wp-content\/uploads\/2019\/12\/JOB-1-RVB-1024x575.jpg 1024w, https:\/\/fratdejob.participationetfraternite.fr\/wp-content\/uploads\/2019\/12\/JOB-1-RVB-300x168.jpg 300w, https:\/\/fratdejob.participationetfraternite.fr\/wp-content\/uploads\/2019\/12\/JOB-1-RVB-768x431.jpg 768w, https:\/\/fratdejob.participationetfraternite.fr\/wp-content\/uploads\/2019\/12\/JOB-1-RVB-1536x862.jpg 1536w, https:\/\/fratdejob.participationetfraternite.fr\/wp-content\/uploads\/2019\/12\/JOB-1-RVB.jpg 1833w\" sizes=\"auto, (max-width: 361px) 100vw, 361px\" \/><\/figure><\/div>\n\n\n<p><img loading=\"lazy\" decoding=\"async\" class=\" wp-image-346 alignleft\" src=\"http:\/\/fratdejob.participationetfraternite.fr\/wp-content\/uploads\/2020\/03\/PERSONNAGE-JOB-ROUGE-192x300.jpg\" alt=\"\" width=\"38\" height=\"59\" srcset=\"https:\/\/fratdejob.participationetfraternite.fr\/wp-content\/uploads\/2020\/03\/PERSONNAGE-JOB-ROUGE-192x300.jpg 192w, https:\/\/fratdejob.participationetfraternite.fr\/wp-content\/uploads\/2020\/03\/PERSONNAGE-JOB-ROUGE.jpg 467w\" sizes=\"auto, (max-width: 38px) 100vw, 38px\" \/>La fraternit\u00e9 de la Beaut\u00e9 de Job est un groupe constitu\u00e9 et anim\u00e9 de personnes qui ont l\u2019exp\u00e9rience de la gal\u00e8re, et souhaitent partager sa vision du monde et de la foi. N\u00e9e lors de sa rencontre avec le Pape Fran\u00e7ois en f\u00e9vrier 2018, la \u00ab\u00a0Fraternit\u00e9 de la Beaut\u00e9 de Job\u00a0\u00bb prend les moyens de r\u00e9pondre et de servir l\u2019appel du Pape \u00ab\u00a0<em>Laissez-vous \u00e9vang\u00e9liser par les plus pauvres\u00a0<\/em>\u00bb.<img loading=\"lazy\" decoding=\"async\" class=\" wp-image-349 alignright\" src=\"http:\/\/fratdejob.participationetfraternite.fr\/wp-content\/uploads\/2020\/03\/PERSONNAGE-JOB-JAUNE-178x300.jpg\" alt=\"\" width=\"51\" height=\"86\" srcset=\"https:\/\/fratdejob.participationetfraternite.fr\/wp-content\/uploads\/2020\/03\/PERSONNAGE-JOB-JAUNE-178x300.jpg 178w, https:\/\/fratdejob.participationetfraternite.fr\/wp-content\/uploads\/2020\/03\/PERSONNAGE-JOB-JAUNE.jpg 458w\" sizes=\"auto, (max-width: 51px) 100vw, 51px\" \/><\/p>\n<p>Les membres de la fraternit\u00e9 prennent le temps r\u00e9guli\u00e8rement de r\u00e9fl\u00e9chir \u00e0 partir de leur vie, et participent ensemble \u00e0 l\u2019\u00e9criture de textes majeurs qui t\u00e9moignent ce qu\u2019ils vivent quand la vie est difficile.<\/p>\n<p>Par la cr\u00e9ation de spectacles, de vid\u00e9os, d\u2019\u00e9missions radios et tout autre moyen, ils tentent de transmettre et de t\u00e9moigner \u00ab\u00a0<em>ce que Dieu a cach\u00e9 aux sages et aux savants et \u00e0 r\u00e9v\u00e9ler aux tout petits<\/em>\u00a0\u00bb, pour aider ceux qui n\u2019ont pas encore d\u00e9couvert la libert\u00e9 de partager ce qui les habite, et pour permettre \u00e0 ceux qui ne connaissent pas ces conditions de vie de comprendre et de fraterniser avec les plus pauvres.<\/p>\n<p><img loading=\"lazy\" decoding=\"async\" class=\" wp-image-348 alignleft\" src=\"http:\/\/fratdejob.participationetfraternite.fr\/wp-content\/uploads\/2020\/03\/PERSONNAGE-JOB-BLEU-168x300.jpg\" alt=\"\" width=\"39\" height=\"70\" srcset=\"https:\/\/fratdejob.participationetfraternite.fr\/wp-content\/uploads\/2020\/03\/PERSONNAGE-JOB-BLEU-168x300.jpg 168w, https:\/\/fratdejob.participationetfraternite.fr\/wp-content\/uploads\/2020\/03\/PERSONNAGE-JOB-BLEU.jpg 408w\" sizes=\"auto, (max-width: 39px) 100vw, 39px\" \/>Elle promeut la place et la parole de ceux qui ne l\u2019ont pas ou plus, car elle s\u2019est \u00e9teinte par trop de mis\u00e8re. Pour cela, les membres de la fraternit\u00e9 sont appel\u00e9s \u00e0 se former et \u00e0 la coanimation de formation-action propos\u00e9e par l\u2019association <a href=\"https:\/\/participationetfraternite.fr\/\"><em>Participation et Fraternit\u00e9<\/em><\/a>.<\/p>\n<p>Elle fait le choix de rejoindre la <em>grande famille spirituelle de St Fran\u00e7ois d\u2019Assise<\/em> dont elle se sent proche.<\/p>\n<p>Pour plus d\u2019information\u00a0:<img loading=\"lazy\" decoding=\"async\" class=\" wp-image-347 alignright\" src=\"http:\/\/fratdejob.participationetfraternite.fr\/wp-content\/uploads\/2020\/03\/J-JOB-166x300.jpg\" alt=\"\" width=\"38\" height=\"69\" srcset=\"https:\/\/fratdejob.participationetfraternite.fr\/wp-content\/uploads\/2020\/03\/J-JOB-166x300.jpg 166w, https:\/\/fratdejob.participationetfraternite.fr\/wp-content\/uploads\/2020\/03\/J-JOB-568x1024.jpg 568w, https:\/\/fratdejob.participationetfraternite.fr\/wp-content\/uploads\/2020\/03\/J-JOB.jpg 643w\" sizes=\"auto, (max-width: 38px) 100vw, 38px\" \/><\/p>\n<ul>\n<li>L&rsquo;\u00e9quipe de coordination\u00a0 \u00a0 \u00a0 <a href=\"mailto:fbjob.pef@gmail.com\">fbjob.pef@gmail.com<\/a>\u00a0 \u00a0 \u00a0 \u00a0 \u00a0 \u00a0 \u00a0 \u00a0 \u00a0<\/li>\n<li>Sr Elisabeth Drzewiecki\u00a0 \u00a0\u00a0 \u00a0\u00a0 \u00a0<a href=\"mailto:Sr.elisabeth.pef@gmail.com\">sr.elisabeth.pef@gmail.com<\/a>\u00a0 \u00a0 \u00a0 \u00a0 \u00a0 \u00a006 52 74 73 56<\/li>\n<\/ul>\n<figure class=\"wp-block-image\">\n<figcaption><\/figcaption>\n<\/figure>","protected":false},"excerpt":{"rendered":"<p>La fraternit\u00e9 de la Beaut\u00e9 de Job est un groupe constitu\u00e9 et anim\u00e9 de personnes qui ont l\u2019exp\u00e9rience de la gal\u00e8re, et souhaitent partager sa vision du monde et de la foi. N\u00e9e lors&#46;&#46;&#46;<\/p>\n","protected":false},"author":2,"featured_media":195,"parent":0,"menu_order":0,"comment_status":"closed","ping_status":"closed","template":"","meta":{"_monsterinsights_skip_tracking":false,"_monsterinsights_sitenote_active":false,"_monsterinsights_sitenote_note":"","_monsterinsights_sitenote_category":0,"footnotes":""},"class_list":["post-29","page","type-page","status-publish","has-post-thumbnail","hentry"],"_links":{"self":[{"href":"https:\/\/fratdejob.participationetfraternite.fr\/index.php?rest_route=\/wp\/v2\/pages\/29","targetHints":{"allow":["GET"]}}],"collection":[{"href":"https:\/\/fratdejob.participationetfraternite.fr\/index.php?rest_route=\/wp\/v2\/pages"}],"about":[{"href":"https:\/\/fratdejob.participationetfraternite.fr\/index.php?rest_route=\/wp\/v2\/types\/page"}],"author":[{"embeddable":true,"href":"https:\/\/fratdejob.participationetfraternite.fr\/index.php?rest_route=\/wp\/v2\/users\/2"}],"replies":[{"embeddable":true,"href":"https:\/\/fratdejob.participationetfraternite.fr\/index.php?rest_route=%2Fwp%2Fv2%2Fcomments&post=29"}],"version-history":[{"count":13,"href":"https:\/\/fratdejob.participationetfraternite.fr\/index.php?rest_route=\/wp\/v2\/pages\/29\/revisions"}],"predecessor-version":[{"id":3100,"href":"https:\/\/fratdejob.participationetfraternite.fr\/index.php?rest_route=\/wp\/v2\/pages\/29\/revisions\/3100"}],"wp:featuredmedia":[{"embeddable":true,"href":"https:\/\/fratdejob.participationetfraternite.fr\/index.php?rest_route=\/wp\/v2\/media\/195"}],"wp:attachment":[{"href":"https:\/\/fratdejob.participationetfraternite.fr\/index.php?rest_route=%2Fwp%2Fv2%2Fmedia&parent=29"}],"curies":[{"name":"wp","href":"https:\/\/api.w.org\/{rel}","templated":true}]}}