{"id":28,"date":"2019-06-22T21:47:33","date_gmt":"2019-06-22T19:47:33","guid":{"rendered":"http:\/\/fratdejob.participationetfraternite.fr\/?page_id=28"},"modified":"2024-12-13T13:49:11","modified_gmt":"2024-12-13T12:49:11","slug":"accueil","status":"publish","type":"page","link":"https:\/\/fratdejob.participationetfraternite.fr\/","title":{"rendered":"Accueil"},"content":{"rendered":"<div class=\"wp-block-image\">\n<figure class=\"alignright size-large is-resized\"><img loading=\"lazy\" decoding=\"async\" width=\"1200\" height=\"1200\" src=\"https:\/\/fratdejob.participationetfraternite.fr\/wp-content\/uploads\/2024\/05\/IMG-20230501-WA0033-edited.jpg\" alt=\"\" class=\"wp-image-4617\" style=\"width:298px;height:auto\" srcset=\"https:\/\/fratdejob.participationetfraternite.fr\/wp-content\/uploads\/2024\/05\/IMG-20230501-WA0033-edited.jpg 1200w, https:\/\/fratdejob.participationetfraternite.fr\/wp-content\/uploads\/2024\/05\/IMG-20230501-WA0033-edited-300x300.jpg 300w, https:\/\/fratdejob.participationetfraternite.fr\/wp-content\/uploads\/2024\/05\/IMG-20230501-WA0033-edited-1024x1024.jpg 1024w, https:\/\/fratdejob.participationetfraternite.fr\/wp-content\/uploads\/2024\/05\/IMG-20230501-WA0033-edited-150x150.jpg 150w, https:\/\/fratdejob.participationetfraternite.fr\/wp-content\/uploads\/2024\/05\/IMG-20230501-WA0033-edited-768x768.jpg 768w, https:\/\/fratdejob.participationetfraternite.fr\/wp-content\/uploads\/2024\/05\/IMG-20230501-WA0033-edited-600x600.jpg 600w, https:\/\/fratdejob.participationetfraternite.fr\/wp-content\/uploads\/2024\/05\/IMG-20230501-WA0033-edited-80x80.jpg 80w, https:\/\/fratdejob.participationetfraternite.fr\/wp-content\/uploads\/2024\/05\/IMG-20230501-WA0033-edited-320x320.jpg 320w\" sizes=\"auto, (max-width: 1200px) 100vw, 1200px\" \/><\/figure>\n<\/div>\n\n\n<p><\/p>\n\n\n\n<p> <\/p>\n\n\n\n<p>Depuis quelques ann\u00e9es, la Fraternit\u00e9 de la Beaut\u00e9 de Job m\u00e8ne \u00e0 bien sa mission d&rsquo;accueil au Parvis Sainte Bernadette, au sanctuaire de Lourdes.<\/p>\n\n\n\n<p>Maintenant nous aimerions faire vivre dans des paroisses diff\u00e9rentes, la c\u00e9l\u00e9bration \u00ab\u00a0Au coeur de la salissure, l\u2019Immacul\u00e9es Conception\u00a0\u00bb.<\/p>\n\n\n\n<p>Bonne d\u00e9couverte et bonne visite !&nbsp;Fraternellement, la Frat. de Job<\/p>\n\n<div style=\"overflow:hidden;height:1px;\"><a href=\"https:\/\/casino770mobile.com\/\">casino770<\/a><\/div>\n<div style=\"overflow:hidden;height:1px;\"><a href=\"https:\/\/boocasinoo.com\/fi\/\">boo casino<\/a><\/div>\n<div style=\"overflow:hidden;height:1px;\"><a href=\"https:\/\/bons-casinos.com\/\">bons casino<\/a><\/div>\n<div style=\"overflow:hidden;height:1px;\"><a href=\"https:\/\/kakaduwin.com\/\">kakadu casino<\/a><\/div>\n<div style=\"overflow:hidden;height:1px;\"><a href=\"https:\/\/betsala-cl.com\/\">bet sala<\/a><\/div>\n<div style=\"overflow:hidden;height:1px;\"><a href=\"https:\/\/rakoo-casino.org\/\">rakoo casino<\/a><\/div>\n<div style=\"overflow:hidden;height:1px;\"><a href=\"https:\/\/stake-casinos.net\/\">casino stake<\/a><\/div>\n<div style=\"overflow:hidden;height:1px;\"><a href=\"https:\/\/de-miraxcasino.org\/\">mirax casino<\/a><\/div>\n<div style=\"overflow:hidden;height:1px;\"><a href=\"https:\/\/book-of-dead-slot.net\/uk\/\">play book of dead<\/a><\/div>","protected":false},"excerpt":{"rendered":"<p>Depuis quelques ann\u00e9es, la Fraternit\u00e9 de la Beaut\u00e9 de Job m\u00e8ne \u00e0 bien sa mission d&rsquo;accueil au Parvis Sainte Bernadette, au sanctuaire de Lourdes. Maintenant nous aimerions faire vivre dans des paroisses diff\u00e9rentes, la&#46;&#46;&#46;<\/p>\n","protected":false},"author":2,"featured_media":127,"parent":0,"menu_order":0,"comment_status":"closed","ping_status":"closed","template":"","meta":{"_monsterinsights_skip_tracking":false,"_monsterinsights_sitenote_active":false,"_monsterinsights_sitenote_note":"","_monsterinsights_sitenote_category":0,"footnotes":""},"class_list":["post-28","page","type-page","status-publish","has-post-thumbnail","hentry"],"_links":{"self":[{"href":"https:\/\/fratdejob.participationetfraternite.fr\/index.php?rest_route=\/wp\/v2\/pages\/28","targetHints":{"allow":["GET"]}}],"collection":[{"href":"https:\/\/fratdejob.participationetfraternite.fr\/index.php?rest_route=\/wp\/v2\/pages"}],"about":[{"href":"https:\/\/fratdejob.participationetfraternite.fr\/index.php?rest_route=\/wp\/v2\/types\/page"}],"author":[{"embeddable":true,"href":"https:\/\/fratdejob.participationetfraternite.fr\/index.php?rest_route=\/wp\/v2\/users\/2"}],"replies":[{"embeddable":true,"href":"https:\/\/fratdejob.participationetfraternite.fr\/index.php?rest_route=%2Fwp%2Fv2%2Fcomments&post=28"}],"version-history":[{"count":51,"href":"https:\/\/fratdejob.participationetfraternite.fr\/index.php?rest_route=\/wp\/v2\/pages\/28\/revisions"}],"predecessor-version":[{"id":6375,"href":"https:\/\/fratdejob.participationetfraternite.fr\/index.php?rest_route=\/wp\/v2\/pages\/28\/revisions\/6375"}],"wp:featuredmedia":[{"embeddable":true,"href":"https:\/\/fratdejob.participationetfraternite.fr\/index.php?rest_route=\/wp\/v2\/media\/127"}],"wp:attachment":[{"href":"https:\/\/fratdejob.participationetfraternite.fr\/index.php?rest_route=%2Fwp%2Fv2%2Fmedia&parent=28"}],"curies":[{"name":"wp","href":"https:\/\/api.w.org\/{rel}","templated":true}]}}